{"id":833,"date":"2024-10-15T10:27:51","date_gmt":"2024-10-15T08:27:51","guid":{"rendered":"https:\/\/brigitteimmo66.com\/?page_id=833"},"modified":"2024-10-15T10:42:55","modified_gmt":"2024-10-15T08:42:55","slug":"votre-avis-compte","status":"publish","type":"page","link":"https:\/\/brigitteimmo66.com\/index.php\/votre-avis-compte\/","title":{"rendered":"Votre avis compte"},"content":{"rendered":"\t\t<div data-elementor-type=\"wp-page\" data-elementor-id=\"833\" class=\"elementor elementor-833\">\n\t\t\t\t\t\t<section class=\"elementor-section elementor-top-section elementor-element elementor-element-7b0a35bd elementor-section-content-middle elementor-section-boxed elementor-section-height-default elementor-section-height-default\" data-id=\"7b0a35bd\" data-element_type=\"section\">\n\t\t\t\t\t\t\t<div class=\"elementor-background-overlay\"><\/div>\n\t\t\t\t\t\t\t<div class=\"elementor-container elementor-column-gap-default\">\n\t\t\t\t\t<div class=\"elementor-column elementor-col-100 elementor-top-column elementor-element elementor-element-20f19747\" data-id=\"20f19747\" data-element_type=\"column\">\n\t\t\t<div class=\"elementor-widget-wrap elementor-element-populated\">\n\t\t\t\t\t<div class=\"elementor-background-overlay\"><\/div>\n\t\t\t\t\t\t<section class=\"elementor-section elementor-inner-section elementor-element elementor-element-6fac57ef elementor-section-boxed elementor-section-height-default elementor-section-height-default\" data-id=\"6fac57ef\" data-element_type=\"section\" data-settings=\"{&quot;background_background&quot;:&quot;classic&quot;}\">\n\t\t\t\t\t\t<div class=\"elementor-container elementor-column-gap-default\">\n\t\t\t\t\t<div class=\"elementor-column elementor-col-100 elementor-inner-column elementor-element elementor-element-51dc2fca\" data-id=\"51dc2fca\" data-element_type=\"column\">\n\t\t\t<div class=\"elementor-widget-wrap elementor-element-populated\">\n\t\t\t\t\t\t<div class=\"elementor-element elementor-element-75d22d5 elementor-widget elementor-widget-heading\" data-id=\"75d22d5\" data-element_type=\"widget\" data-widget_type=\"heading.default\">\n\t\t\t\t<div class=\"elementor-widget-container\">\n\t\t\t<h5 class=\"elementor-heading-title elementor-size-default\">La Confiance se Construit sur l'Exp\u00e9rience Partag\u00e9e\n<\/h5>\t\t<\/div>\n\t\t\t\t<\/div>\n\t\t\t\t<div class=\"elementor-element elementor-element-33a670b3 elementor-widget elementor-widget-heading\" data-id=\"33a670b3\" data-element_type=\"widget\" data-widget_type=\"heading.default\">\n\t\t\t\t<div class=\"elementor-widget-container\">\n\t\t\t<h2 class=\"elementor-heading-title elementor-size-default\">Votre avis compte<\/h2>\t\t<\/div>\n\t\t\t\t<\/div>\n\t\t\t\t<div class=\"elementor-element elementor-element-dad9d25 elementor-widget elementor-widget-wpforms\" data-id=\"dad9d25\" data-element_type=\"widget\" data-widget_type=\"wpforms.default\">\n\t\t\t\t<div class=\"elementor-widget-container\">\n\t\t\t<style id=\"wpforms-css-vars-root\">\n\t\t\t\t:root {\n\t\t\t\t\t--wpforms-field-border-radius: 3px;\n--wpforms-field-border-style: solid;\n--wpforms-field-border-size: 1px;\n--wpforms-field-background-color: #ffffff;\n--wpforms-field-border-color: rgba( 0, 0, 0, 0.25 );\n--wpforms-field-border-color-spare: rgba( 0, 0, 0, 0.25 );\n--wpforms-field-text-color: rgba( 0, 0, 0, 0.7 );\n--wpforms-field-menu-color: #ffffff;\n--wpforms-label-color: rgba( 0, 0, 0, 0.85 );\n--wpforms-label-sublabel-color: rgba( 0, 0, 0, 0.55 );\n--wpforms-label-error-color: #d63637;\n--wpforms-button-border-radius: 3px;\n--wpforms-button-border-style: none;\n--wpforms-button-border-size: 1px;\n--wpforms-button-background-color: #066aab;\n--wpforms-button-border-color: #066aab;\n--wpforms-button-text-color: #ffffff;\n--wpforms-page-break-color: #066aab;\n--wpforms-background-image: none;\n--wpforms-background-position: center center;\n--wpforms-background-repeat: no-repeat;\n--wpforms-background-size: cover;\n--wpforms-background-width: 100px;\n--wpforms-background-height: 100px;\n--wpforms-background-color: rgba( 0, 0, 0, 0 );\n--wpforms-background-url: none;\n--wpforms-container-padding: 0px;\n--wpforms-container-border-style: none;\n--wpforms-container-border-width: 1px;\n--wpforms-container-border-color: #000000;\n--wpforms-container-border-radius: 3px;\n--wpforms-field-size-input-height: 43px;\n--wpforms-field-size-input-spacing: 15px;\n--wpforms-field-size-font-size: 16px;\n--wpforms-field-size-line-height: 19px;\n--wpforms-field-size-padding-h: 14px;\n--wpforms-field-size-checkbox-size: 16px;\n--wpforms-field-size-sublabel-spacing: 5px;\n--wpforms-field-size-icon-size: 1;\n--wpforms-label-size-font-size: 16px;\n--wpforms-label-size-line-height: 19px;\n--wpforms-label-size-sublabel-font-size: 14px;\n--wpforms-label-size-sublabel-line-height: 17px;\n--wpforms-button-size-font-size: 17px;\n--wpforms-button-size-height: 41px;\n--wpforms-button-size-padding-h: 15px;\n--wpforms-button-size-margin-top: 10px;\n--wpforms-container-shadow-size-box-shadow: none;\n\n\t\t\t\t}\n\t\t\t<\/style><style id=\"wpforms-css-vars-elementor-widget-dad9d25\">\n\t\t\t\t.elementor-widget-wpforms.elementor-element-dad9d25 {\n\t\t\t\t\t--wpforms-field-size-input-height: 43px;\n--wpforms-field-size-input-spacing: 15px;\n--wpforms-field-size-font-size: 16px;\n--wpforms-field-size-line-height: 19px;\n--wpforms-field-size-padding-h: 14px;\n--wpforms-field-size-checkbox-size: 16px;\n--wpforms-field-size-sublabel-spacing: 5px;\n--wpforms-field-size-icon-size: 1;\n--wpforms-label-size-font-size: 16px;\n--wpforms-label-size-line-height: 19px;\n--wpforms-label-size-sublabel-font-size: 14px;\n--wpforms-label-size-sublabel-line-height: 17px;\n--wpforms-button-size-font-size: 17px;\n--wpforms-button-size-height: 41px;\n--wpforms-button-size-padding-h: 15px;\n--wpforms-button-size-margin-top: 10px;\n\n\t\t\t\t}\n\t\t\t<\/style><div class=\"wpforms-container wpforms-container-full wpforms-render-modern\" id=\"wpforms-828\"><form id=\"wpforms-form-828\" class=\"wpforms-validate wpforms-form wpforms-ajax-form\" data-formid=\"828\" method=\"post\" enctype=\"multipart\/form-data\" action=\"\/index.php\/wp-json\/wp\/v2\/pages\/833\" data-token=\"397d478da16c94e5fcbf4012e5c13335\" data-token-time=\"1776291189\"><noscript class=\"wpforms-error-noscript\">Please enable JavaScript in your browser to complete this form.<\/noscript><div class=\"wpforms-hidden\" id=\"wpforms-error-noscript\">Please enable JavaScript in your browser to complete this form.<\/div><div class=\"wpforms-field-container\"><div id=\"wpforms-828-field_1-container\" class=\"wpforms-field wpforms-field-name\" data-field-id=\"1\"><fieldset><legend class=\"wpforms-field-label\">Nom <span class=\"wpforms-required-label\" aria-hidden=\"true\">*<\/span><\/legend><div class=\"wpforms-field-row wpforms-field-medium\"><div class=\"wpforms-field-row-block wpforms-first wpforms-one-half\"><input type=\"text\" id=\"wpforms-828-field_1\" class=\"wpforms-field-name-first wpforms-field-required\" name=\"wpforms[fields][1][first]\" aria-errormessage=\"wpforms-828-field_1-error\" required><label for=\"wpforms-828-field_1\" class=\"wpforms-field-sublabel after\">First<\/label><\/div><div class=\"wpforms-field-row-block wpforms-one-half\"><input type=\"text\" id=\"wpforms-828-field_1-last\" class=\"wpforms-field-name-last wpforms-field-required\" name=\"wpforms[fields][1][last]\" aria-errormessage=\"wpforms-828-field_1-last-error\" required><label for=\"wpforms-828-field_1-last\" class=\"wpforms-field-sublabel after\">Last<\/label><\/div><\/div><\/fieldset><\/div><div id=\"wpforms-828-field_2-container\" class=\"wpforms-field wpforms-field-email\" data-field-id=\"2\"><label class=\"wpforms-field-label\" for=\"wpforms-828-field_2\">E-mail <span class=\"wpforms-required-label\" aria-hidden=\"true\">*<\/span><\/label><input type=\"email\" id=\"wpforms-828-field_2\" class=\"wpforms-field-medium wpforms-field-required\" name=\"wpforms[fields][2]\" spellcheck=\"false\" aria-errormessage=\"wpforms-828-field_2-error\" required><\/div><div id=\"wpforms-828-field_6-container\" class=\"wpforms-field wpforms-field-number-slider\" data-field-id=\"6\"><label class=\"wpforms-field-label\" for=\"wpforms-828-field_6\">Votre \u00e9valuation<\/label>\n<input\n\ttype=\"range\"\n\tid=\"wpforms-828-field_6\" class=\"wpforms-field-medium\" name=\"wpforms[fields][6]\" value=\"0\" aria-errormessage=\"wpforms-828-field_6-error\"\t\tmin=\"0\"\n\tmax=\"10\"\n\tstep=\"1\">\n\n<div class=\"wpforms-field-number-slider-hint\"\n\tdata-hint=\"Valeur s\u00e9lectionn\u00e9e\u00a0: {value}\">\n\tValeur s\u00e9lectionn\u00e9e\u00a0: <b>0<\/b><\/div>\n<\/div><div id=\"wpforms-828-field_8-container\" class=\"wpforms-field wpforms-field-select wpforms-field-select-style-classic\" data-field-id=\"8\"><label class=\"wpforms-field-label\" for=\"wpforms-828-field_8\">Type de service<\/label><select id=\"wpforms-828-field_8\" class=\"wpforms-field-medium\" name=\"wpforms[fields][8]\"><option value=\"S\u00e9lectionner un service\" >S\u00e9lectionner un service<\/option><option value=\"Vente d&#039;un bien\" >Vente d&#039;un bien<\/option><option value=\"Achat d&#039;un bien\" >Achat d&#039;un bien<\/option><option value=\"Estimation\" >Estimation<\/option><option value=\"Conseil immobilier\" >Conseil immobilier<\/option><\/select><\/div><div id=\"wpforms-828-field_3-container\" class=\"wpforms-field wpforms-field-textarea\" data-field-id=\"3\"><label class=\"wpforms-field-label\" for=\"wpforms-828-field_3\">Commentaire ou message<\/label><textarea id=\"wpforms-828-field_3\" class=\"wpforms-field-medium\" name=\"wpforms[fields][3]\" aria-errormessage=\"wpforms-828-field_3-error\" aria-describedby=\"wpforms-828-field_3-description\" ><\/textarea><div id=\"wpforms-828-field_3-description\" class=\"wpforms-field-description\">Partagez votre exp\u00e9rience en d\u00e9tail<\/div><\/div><div id=\"wpforms-828-field_5-container\" class=\"wpforms-field wpforms-field-checkbox\" data-field-id=\"5\"><fieldset><legend class=\"wpforms-field-label\">J&#039;accepte que mon avis soit publi\u00e9 sur le site<\/legend><ul id=\"wpforms-828-field_5\"><li class=\"choice-1 depth-1\"><input type=\"checkbox\" id=\"wpforms-828-field_5_1\" name=\"wpforms[fields][5][]\" value=\"oui\" aria-errormessage=\"wpforms-828-field_5_1-error\"  ><label class=\"wpforms-field-label-inline\" for=\"wpforms-828-field_5_1\">oui<\/label><\/li><\/ul><\/fieldset><\/div><\/div><!-- .wpforms-field-container --><div class=\"wpforms-submit-container\" ><input type=\"hidden\" name=\"wpforms[id]\" value=\"828\"><input type=\"hidden\" name=\"page_title\" value=\"\"><input type=\"hidden\" name=\"page_url\" value=\"https:\/\/brigitteimmo66.com\/index.php\/wp-json\/wp\/v2\/pages\/833\"><button type=\"submit\" name=\"wpforms[submit]\" id=\"wpforms-submit-828\" class=\"wpforms-submit\" data-alt-text=\"Envoi...\" data-submit-text=\"Envoyer mon avis\" aria-live=\"assertive\" value=\"wpforms-submit\">Envoyer mon avis<\/button><img decoding=\"async\" src=\"https:\/\/brigitteimmo66.com\/wp-content\/plugins\/wpforms-lite\/assets\/images\/submit-spin.svg\" class=\"wpforms-submit-spinner\" style=\"display: none;\" width=\"26\" height=\"26\" alt=\"Loading\"><\/div><\/form><\/div>  <!-- .wpforms-container -->\t\t<\/div>\n\t\t\t\t<\/div>\n\t\t\t\t<div class=\"elementor-element elementor-element-256c5e0d elementor-widget-divider--view-line elementor-widget elementor-widget-divider\" data-id=\"256c5e0d\" data-element_type=\"widget\" data-widget_type=\"divider.default\">\n\t\t\t\t<div class=\"elementor-widget-container\">\n\t\t\t\t\t<div class=\"elementor-divider\">\n\t\t\t<span class=\"elementor-divider-separator\">\n\t\t\t\t\t\t<\/span>\n\t\t<\/div>\n\t\t\t\t<\/div>\n\t\t\t\t<\/div>\n\t\t\t\t\t<\/div>\n\t\t<\/div>\n\t\t\t\t\t<\/div>\n\t\t<\/section>\n\t\t\t\t<section class=\"elementor-section elementor-inner-section elementor-element elementor-element-12b997b2 elementor-section-content-top elementor-section-boxed elementor-section-height-default elementor-section-height-default\" data-id=\"12b997b2\" data-element_type=\"section\" data-settings=\"{&quot;background_background&quot;:&quot;classic&quot;}\">\n\t\t\t\t\t\t\t<div class=\"elementor-background-overlay\"><\/div>\n\t\t\t\t\t\t\t<div class=\"elementor-container elementor-column-gap-wider\">\n\t\t\t\t\t<div class=\"elementor-column elementor-col-66 elementor-inner-column elementor-element elementor-element-69fb71c9\" data-id=\"69fb71c9\" data-element_type=\"column\">\n\t\t\t<div class=\"elementor-widget-wrap elementor-element-populated\">\n\t\t\t\t\t\t<div class=\"elementor-element elementor-element-54393a64 elementor-widget elementor-widget-image\" data-id=\"54393a64\" data-element_type=\"widget\" data-widget_type=\"image.default\">\n\t\t\t\t<div class=\"elementor-widget-container\">\n\t\t\t\t\t\t\t\t\t\t\t\t\t\t<a href=\"http:\/\/brigitteimmo66.com\/wp-content\/uploads\/2024\/10\/IMG_5882.jpg\" data-elementor-open-lightbox=\"yes\" data-elementor-lightbox-title=\"IMG_5882\" data-e-action-hash=\"#elementor-action%3Aaction%3Dlightbox%26settings%3DeyJpZCI6NjcyLCJ1cmwiOiJodHRwczpcL1wvYnJpZ2l0dGVpbW1vNjYuY29tXC93cC1jb250ZW50XC91cGxvYWRzXC8yMDI0XC8xMFwvSU1HXzU4ODIuanBnIn0%3D\">\n\t\t\t\t\t\t\t<img fetchpriority=\"high\" decoding=\"async\" width=\"640\" height=\"483\" src=\"https:\/\/brigitteimmo66.com\/wp-content\/uploads\/2024\/10\/IMG_5882.jpg\" class=\"attachment-large size-large wp-image-672\" alt=\"\" srcset=\"https:\/\/brigitteimmo66.com\/wp-content\/uploads\/2024\/10\/IMG_5882.jpg 640w, https:\/\/brigitteimmo66.com\/wp-content\/uploads\/2024\/10\/IMG_5882-300x226.jpg 300w\" sizes=\"(max-width: 640px) 100vw, 640px\" \/>\t\t\t\t\t\t\t\t<\/a>\n\t\t\t\t\t\t\t\t\t\t\t\t\t<\/div>\n\t\t\t\t<\/div>\n\t\t\t\t\t<\/div>\n\t\t<\/div>\n\t\t\t\t<div class=\"elementor-column elementor-col-33 elementor-inner-column elementor-element elementor-element-3089191d\" data-id=\"3089191d\" data-element_type=\"column\">\n\t\t\t<div class=\"elementor-widget-wrap elementor-element-populated\">\n\t\t\t\t\t\t<div class=\"elementor-element elementor-element-6d2fa306 elementor-widget elementor-widget-image\" data-id=\"6d2fa306\" data-element_type=\"widget\" data-widget_type=\"image.default\">\n\t\t\t\t<div class=\"elementor-widget-container\">\n\t\t\t\t\t\t\t\t\t\t\t\t\t\t<a href=\"http:\/\/brigitteimmo66.com\/wp-content\/uploads\/2024\/10\/IMG_5878-e1728981762157.jpg\" data-elementor-open-lightbox=\"yes\" data-elementor-lightbox-title=\"IMG_5878\" data-e-action-hash=\"#elementor-action%3Aaction%3Dlightbox%26settings%3DeyJpZCI6NjcxLCJ1cmwiOiJodHRwczpcL1wvYnJpZ2l0dGVpbW1vNjYuY29tXC93cC1jb250ZW50XC91cGxvYWRzXC8yMDI0XC8xMFwvSU1HXzU4NzgtZTE3Mjg5ODE3NjIxNTcuanBnIn0%3D\">\n\t\t\t\t\t\t\t<img decoding=\"async\" src=\"https:\/\/brigitteimmo66.com\/wp-content\/uploads\/2024\/10\/IMG_5878-e1728981762157.jpg\" title=\"IMG_5878\" alt=\"IMG_5878\" loading=\"lazy\" \/>\t\t\t\t\t\t\t\t<\/a>\n\t\t\t\t\t\t\t\t\t\t\t\t\t<\/div>\n\t\t\t\t<\/div>\n\t\t\t\t\t<\/div>\n\t\t<\/div>\n\t\t\t\t\t<\/div>\n\t\t<\/section>\n\t\t\t\t\t<\/div>\n\t\t<\/div>\n\t\t\t\t\t<\/div>\n\t\t<\/section>\n\t\t\t\t<\/div>\n\t\t","protected":false},"excerpt":{"rendered":"<p>La Confiance se Construit sur l&#8217;Exp\u00e9rience Partag\u00e9e Votre avis compte Veuillez activer JavaScript dans votre navigateur pour remplir ce formulaire.Veuillez activer JavaScript dans votre navigateur pour remplir ce formulaire. Nom * Pr\u00e9nomNom E-mail *Votre \u00e9valuation Valeur s\u00e9lectionn\u00e9e\u00a0: 0 Type de serviceS\u00e9lectionner un serviceVente d&#039;un bienAchat d&#039;un bienEstimationConseil immobilierCommentaire ou messagePartagez votre exp\u00e9rience en d\u00e9tail J&#039;accepte [&hellip;]<\/p>\n","protected":false},"author":1,"featured_media":0,"parent":0,"menu_order":0,"comment_status":"closed","ping_status":"closed","template":"","meta":{"footnotes":""},"class_list":["post-833","page","type-page","status-publish","hentry","entry"],"yoast_head":"<!-- This site is optimized with the Yoast SEO plugin v23.4 - https:\/\/yoast.com\/wordpress\/plugins\/seo\/ -->\n<title>Votre avis compte -<\/title>\n<meta name=\"robots\" content=\"index, follow, max-snippet:-1, max-image-preview:large, max-video-preview:-1\" \/>\n<link rel=\"canonical\" href=\"https:\/\/brigitteimmo66.com\/index.php\/votre-avis-compte\/\" \/>\n<meta property=\"og:locale\" content=\"en_US\" \/>\n<meta property=\"og:type\" content=\"article\" \/>\n<meta property=\"og:title\" content=\"Votre avis compte -\" \/>\n<meta property=\"og:description\" content=\"La Confiance se Construit sur l&#8217;Exp\u00e9rience Partag\u00e9e Votre avis compte Veuillez activer JavaScript dans votre navigateur pour remplir ce formulaire.Veuillez activer JavaScript dans votre navigateur pour remplir ce formulaire. Nom * Pr\u00e9nomNom E-mail *Votre \u00e9valuation Valeur s\u00e9lectionn\u00e9e\u00a0: 0 Type de serviceS\u00e9lectionner un serviceVente d&#039;un bienAchat d&#039;un bienEstimationConseil immobilierCommentaire ou messagePartagez votre exp\u00e9rience en d\u00e9tail J&#039;accepte [&hellip;]\" \/>\n<meta property=\"og:url\" content=\"https:\/\/brigitteimmo66.com\/index.php\/votre-avis-compte\/\" \/>\n<meta property=\"article:modified_time\" content=\"2024-10-15T08:42:55+00:00\" \/>\n<meta property=\"og:image\" content=\"https:\/\/brigitteimmo66.com\/wp-content\/plugins\/wpforms-lite\/assets\/images\/submit-spin.svg\" \/>\n<meta name=\"twitter:card\" content=\"summary_large_image\" \/>\n<meta name=\"twitter:label1\" content=\"Est. reading time\" \/>\n\t<meta name=\"twitter:data1\" content=\"1 minute\" \/>\n<script type=\"application\/ld+json\" class=\"yoast-schema-graph\">{\"@context\":\"https:\/\/schema.org\",\"@graph\":[{\"@type\":\"WebPage\",\"@id\":\"https:\/\/brigitteimmo66.com\/index.php\/votre-avis-compte\/\",\"url\":\"https:\/\/brigitteimmo66.com\/index.php\/votre-avis-compte\/\",\"name\":\"Votre avis compte -\",\"isPartOf\":{\"@id\":\"https:\/\/brigitteimmo66.com\/#website\"},\"primaryImageOfPage\":{\"@id\":\"https:\/\/brigitteimmo66.com\/index.php\/votre-avis-compte\/#primaryimage\"},\"image\":{\"@id\":\"https:\/\/brigitteimmo66.com\/index.php\/votre-avis-compte\/#primaryimage\"},\"thumbnailUrl\":\"https:\/\/brigitteimmo66.com\/wp-content\/plugins\/wpforms-lite\/assets\/images\/submit-spin.svg\",\"datePublished\":\"2024-10-15T08:27:51+00:00\",\"dateModified\":\"2024-10-15T08:42:55+00:00\",\"breadcrumb\":{\"@id\":\"https:\/\/brigitteimmo66.com\/index.php\/votre-avis-compte\/#breadcrumb\"},\"inLanguage\":\"en-US\",\"potentialAction\":[{\"@type\":\"ReadAction\",\"target\":[\"https:\/\/brigitteimmo66.com\/index.php\/votre-avis-compte\/\"]}]},{\"@type\":\"ImageObject\",\"inLanguage\":\"en-US\",\"@id\":\"https:\/\/brigitteimmo66.com\/index.php\/votre-avis-compte\/#primaryimage\",\"url\":\"https:\/\/brigitteimmo66.com\/wp-content\/plugins\/wpforms-lite\/assets\/images\/submit-spin.svg\",\"contentUrl\":\"https:\/\/brigitteimmo66.com\/wp-content\/plugins\/wpforms-lite\/assets\/images\/submit-spin.svg\"},{\"@type\":\"BreadcrumbList\",\"@id\":\"https:\/\/brigitteimmo66.com\/index.php\/votre-avis-compte\/#breadcrumb\",\"itemListElement\":[{\"@type\":\"ListItem\",\"position\":1,\"name\":\"Accueil\",\"item\":\"https:\/\/brigitteimmo66.com\/\"},{\"@type\":\"ListItem\",\"position\":2,\"name\":\"Votre avis compte\"}]},{\"@type\":\"WebSite\",\"@id\":\"https:\/\/brigitteimmo66.com\/#website\",\"url\":\"https:\/\/brigitteimmo66.com\/\",\"name\":\"\",\"description\":\"\",\"potentialAction\":[{\"@type\":\"SearchAction\",\"target\":{\"@type\":\"EntryPoint\",\"urlTemplate\":\"https:\/\/brigitteimmo66.com\/?s={search_term_string}\"},\"query-input\":{\"@type\":\"PropertyValueSpecification\",\"valueRequired\":true,\"valueName\":\"search_term_string\"}}],\"inLanguage\":\"en-US\"}]}<\/script>\n<!-- \/ Yoast SEO plugin. -->","yoast_head_json":{"title":"Votre avis compte -","robots":{"index":"index","follow":"follow","max-snippet":"max-snippet:-1","max-image-preview":"max-image-preview:large","max-video-preview":"max-video-preview:-1"},"canonical":"https:\/\/brigitteimmo66.com\/index.php\/votre-avis-compte\/","og_locale":"en_US","og_type":"article","og_title":"Votre avis compte -","og_description":"La Confiance se Construit sur l&#8217;Exp\u00e9rience Partag\u00e9e Votre avis compte Veuillez activer JavaScript dans votre navigateur pour remplir ce formulaire.Veuillez activer JavaScript dans votre navigateur pour remplir ce formulaire. Nom * Pr\u00e9nomNom E-mail *Votre \u00e9valuation Valeur s\u00e9lectionn\u00e9e\u00a0: 0 Type de serviceS\u00e9lectionner un serviceVente d&#039;un bienAchat d&#039;un bienEstimationConseil immobilierCommentaire ou messagePartagez votre exp\u00e9rience en d\u00e9tail J&#039;accepte [&hellip;]","og_url":"https:\/\/brigitteimmo66.com\/index.php\/votre-avis-compte\/","article_modified_time":"2024-10-15T08:42:55+00:00","og_image":[{"url":"https:\/\/brigitteimmo66.com\/wp-content\/plugins\/wpforms-lite\/assets\/images\/submit-spin.svg"}],"twitter_card":"summary_large_image","twitter_misc":{"Est. reading time":"1 minute"},"schema":{"@context":"https:\/\/schema.org","@graph":[{"@type":"WebPage","@id":"https:\/\/brigitteimmo66.com\/index.php\/votre-avis-compte\/","url":"https:\/\/brigitteimmo66.com\/index.php\/votre-avis-compte\/","name":"Votre avis compte -","isPartOf":{"@id":"https:\/\/brigitteimmo66.com\/#website"},"primaryImageOfPage":{"@id":"https:\/\/brigitteimmo66.com\/index.php\/votre-avis-compte\/#primaryimage"},"image":{"@id":"https:\/\/brigitteimmo66.com\/index.php\/votre-avis-compte\/#primaryimage"},"thumbnailUrl":"https:\/\/brigitteimmo66.com\/wp-content\/plugins\/wpforms-lite\/assets\/images\/submit-spin.svg","datePublished":"2024-10-15T08:27:51+00:00","dateModified":"2024-10-15T08:42:55+00:00","breadcrumb":{"@id":"https:\/\/brigitteimmo66.com\/index.php\/votre-avis-compte\/#breadcrumb"},"inLanguage":"en-US","potentialAction":[{"@type":"ReadAction","target":["https:\/\/brigitteimmo66.com\/index.php\/votre-avis-compte\/"]}]},{"@type":"ImageObject","inLanguage":"en-US","@id":"https:\/\/brigitteimmo66.com\/index.php\/votre-avis-compte\/#primaryimage","url":"https:\/\/brigitteimmo66.com\/wp-content\/plugins\/wpforms-lite\/assets\/images\/submit-spin.svg","contentUrl":"https:\/\/brigitteimmo66.com\/wp-content\/plugins\/wpforms-lite\/assets\/images\/submit-spin.svg"},{"@type":"BreadcrumbList","@id":"https:\/\/brigitteimmo66.com\/index.php\/votre-avis-compte\/#breadcrumb","itemListElement":[{"@type":"ListItem","position":1,"name":"Accueil","item":"https:\/\/brigitteimmo66.com\/"},{"@type":"ListItem","position":2,"name":"Votre avis compte"}]},{"@type":"WebSite","@id":"https:\/\/brigitteimmo66.com\/#website","url":"https:\/\/brigitteimmo66.com\/","name":"","description":"","potentialAction":[{"@type":"SearchAction","target":{"@type":"EntryPoint","urlTemplate":"https:\/\/brigitteimmo66.com\/?s={search_term_string}"},"query-input":{"@type":"PropertyValueSpecification","valueRequired":true,"valueName":"search_term_string"}}],"inLanguage":"en-US"}]}},"_links":{"self":[{"href":"https:\/\/brigitteimmo66.com\/index.php\/wp-json\/wp\/v2\/pages\/833","targetHints":{"allow":["GET"]}}],"collection":[{"href":"https:\/\/brigitteimmo66.com\/index.php\/wp-json\/wp\/v2\/pages"}],"about":[{"href":"https:\/\/brigitteimmo66.com\/index.php\/wp-json\/wp\/v2\/types\/page"}],"author":[{"embeddable":true,"href":"https:\/\/brigitteimmo66.com\/index.php\/wp-json\/wp\/v2\/users\/1"}],"replies":[{"embeddable":true,"href":"https:\/\/brigitteimmo66.com\/index.php\/wp-json\/wp\/v2\/comments?post=833"}],"version-history":[{"count":11,"href":"https:\/\/brigitteimmo66.com\/index.php\/wp-json\/wp\/v2\/pages\/833\/revisions"}],"predecessor-version":[{"id":854,"href":"https:\/\/brigitteimmo66.com\/index.php\/wp-json\/wp\/v2\/pages\/833\/revisions\/854"}],"wp:attachment":[{"href":"https:\/\/brigitteimmo66.com\/index.php\/wp-json\/wp\/v2\/media?parent=833"}],"curies":[{"name":"wp","href":"https:\/\/api.w.org\/{rel}","templated":true}]}}